{"id":21362,"date":"2019-03-08T00:33:49","date_gmt":"2019-03-07T21:33:49","guid":{"rendered":"https:\/\/www.maripak.com\/?page_id=21362"},"modified":"2025-04-08T12:52:46","modified_gmt":"2025-04-08T09:52:46","slug":"%d1%82%d0%b5%d1%80%d0%bc%d0%be%d1%83%d0%bf%d0%b0%d0%ba%d0%be%d0%b2%d0%be%d1%87%d0%bd%d0%be%d0%b5-%d0%be%d0%b1%d0%be%d1%80%d1%83%d0%b4%d0%be%d0%b2%d0%b0%d0%bd%d0%b8%d0%b5-maripak","status":"publish","type":"page","link":"https:\/\/www.maripak.com\/ru\/","title":{"rendered":"Ana Sayfa"},"content":{"rendered":"<p>BU KISIM \u0130NAKT\u0130F. BO\u015e BIRAKINIZ!<\/p>\n","protected":false},"excerpt":{"rendered":"<p>BU KISIM \u0130NAKT\u0130F. BO\u015e BIRAKINIZ!<\/p>\n","protected":false},"author":14,"featured_media":0,"parent":0,"menu_order":0,"comment_status":"closed","ping_status":"closed","template":"page-home.php","meta":{"footnotes":""},"class_list":["post-21362","page","type-page","status-publish","hentry"],"acf":[],"yoast_head":"<!-- This site is optimized with the Yoast SEO plugin v24.8.1 - https:\/\/yoast.com\/wordpress\/plugins\/seo\/ -->\n<title>Maripak - \u0422\u0435\u0440\u043c\u043e\u0443\u0441\u0430\u0434\u043e\u0447\u043d\u043e\u0435 \u043e\u0431\u043e\u0440\u0443\u0434\u043e\u0432\u0430\u043d\u0438\u0435<\/title>\n<meta name=\"description\" content=\"Maripak \u043f\u0440\u0435\u0434\u043b\u0430\u0433\u0430\u0435\u0442 \u0448\u0438\u0440\u043e\u043a\u0438\u0439 \u0430\u0441\u0441\u043e\u0440\u0442\u0438\u043c\u0435\u043d\u0442 \u043f\u0440\u043e\u0434\u0443\u043a\u0446\u0438\u0438, \u0441\u043f\u0435\u0446\u0438\u0430\u043b\u044c\u043d\u0443\u044e \u0443\u043f\u0430\u043a\u043e\u0432\u043a\u0443 \u0432 \u0442\u0435\u0440\u043c\u043e\u0443\u0441\u0430\u0434\u043e\u0447\u043d\u0443\u044e \u043f\u043b\u0435\u043d\u043a\u0443 \u0438 \u0443\u043f\u0430\u043a\u043e\u0432\u043e\u0447\u043d\u044b\u0435 \u043c\u0430\u0448\u0438\u043d\u044b \u0434\u043b\u044f \u044d\u043b\u0435\u043a\u0442\u0440\u043e\u043d\u043d\u043e\u0439 \u0442\u043e\u0440\u0433\u043e\u0432\u043b\u0438 \u043b\u044e\u0431\u043e\u0439 \u043f\u0440\u043e\u0438\u0437\u0432\u043e\u0434\u0441\u0442\u0432\u0435\u043d\u043d\u043e\u0439 \u043c\u043e\u0449\u043d\u043e\u0441\u0442\u0438.\" \/>\n<meta name=\"robots\" content=\"index, follow, max-snippet:-1, max-image-preview:large, max-video-preview:-1\" \/>\n<link rel=\"canonical\" href=\"https:\/\/www.maripak.com\/ru\/\" \/>\n<meta property=\"og:locale\" content=\"ru_RU\" \/>\n<meta property=\"og:type\" content=\"article\" \/>\n<meta property=\"og:title\" content=\"Maripak - \u0422\u0435\u0440\u043c\u043e\u0443\u0441\u0430\u0434\u043e\u0447\u043d\u043e\u0435 \u043e\u0431\u043e\u0440\u0443\u0434\u043e\u0432\u0430\u043d\u0438\u0435\" \/>\n<meta property=\"og:description\" content=\"Maripak \u043f\u0440\u0435\u0434\u043b\u0430\u0433\u0430\u0435\u0442 \u0448\u0438\u0440\u043e\u043a\u0438\u0439 \u0430\u0441\u0441\u043e\u0440\u0442\u0438\u043c\u0435\u043d\u0442 \u043f\u0440\u043e\u0434\u0443\u043a\u0446\u0438\u0438, \u0441\u043f\u0435\u0446\u0438\u0430\u043b\u044c\u043d\u0443\u044e \u0443\u043f\u0430\u043a\u043e\u0432\u043a\u0443 \u0432 \u0442\u0435\u0440\u043c\u043e\u0443\u0441\u0430\u0434\u043e\u0447\u043d\u0443\u044e \u043f\u043b\u0435\u043d\u043a\u0443 \u0438 \u0443\u043f\u0430\u043a\u043e\u0432\u043e\u0447\u043d\u044b\u0435 \u043c\u0430\u0448\u0438\u043d\u044b \u0434\u043b\u044f \u044d\u043b\u0435\u043a\u0442\u0440\u043e\u043d\u043d\u043e\u0439 \u0442\u043e\u0440\u0433\u043e\u0432\u043b\u0438 \u043b\u044e\u0431\u043e\u0439 \u043f\u0440\u043e\u0438\u0437\u0432\u043e\u0434\u0441\u0442\u0432\u0435\u043d\u043d\u043e\u0439 \u043c\u043e\u0449\u043d\u043e\u0441\u0442\u0438.\" \/>\n<meta property=\"og:url\" content=\"https:\/\/www.maripak.com\/ru\/\" \/>\n<meta property=\"og:site_name\" content=\"Maripak\" \/>\n<meta property=\"article:publisher\" content=\"https:\/\/www.facebook.com\/maripakambalaj\/\" \/>\n<meta property=\"article:modified_time\" content=\"2025-04-08T09:52:46+00:00\" \/>\n<meta property=\"og:image\" content=\"https:\/\/www.maripak.com\/wp-content\/uploads\/2020\/04\/maripak-sirket-tanitim-filmi-1.jpg\" \/>\n\t<meta property=\"og:image:width\" content=\"1141\" \/>\n\t<meta property=\"og:image:height\" content=\"623\" \/>\n\t<meta property=\"og:image:type\" content=\"image\/jpeg\" \/>\n<meta name=\"twitter:card\" content=\"summary_large_image\" \/>\n<meta name=\"twitter:site\" content=\"@maripak_\" \/>\n<!-- \/ Yoast SEO plugin. -->","yoast_head_json":{"title":"Maripak - \u0422\u0435\u0440\u043c\u043e\u0443\u0441\u0430\u0434\u043e\u0447\u043d\u043e\u0435 \u043e\u0431\u043e\u0440\u0443\u0434\u043e\u0432\u0430\u043d\u0438\u0435","description":"Maripak \u043f\u0440\u0435\u0434\u043b\u0430\u0433\u0430\u0435\u0442 \u0448\u0438\u0440\u043e\u043a\u0438\u0439 \u0430\u0441\u0441\u043e\u0440\u0442\u0438\u043c\u0435\u043d\u0442 \u043f\u0440\u043e\u0434\u0443\u043a\u0446\u0438\u0438, \u0441\u043f\u0435\u0446\u0438\u0430\u043b\u044c\u043d\u0443\u044e \u0443\u043f\u0430\u043a\u043e\u0432\u043a\u0443 \u0432 \u0442\u0435\u0440\u043c\u043e\u0443\u0441\u0430\u0434\u043e\u0447\u043d\u0443\u044e \u043f\u043b\u0435\u043d\u043a\u0443 \u0438 \u0443\u043f\u0430\u043a\u043e\u0432\u043e\u0447\u043d\u044b\u0435 \u043c\u0430\u0448\u0438\u043d\u044b \u0434\u043b\u044f \u044d\u043b\u0435\u043a\u0442\u0440\u043e\u043d\u043d\u043e\u0439 \u0442\u043e\u0440\u0433\u043e\u0432\u043b\u0438 \u043b\u044e\u0431\u043e\u0439 \u043f\u0440\u043e\u0438\u0437\u0432\u043e\u0434\u0441\u0442\u0432\u0435\u043d\u043d\u043e\u0439 \u043c\u043e\u0449\u043d\u043e\u0441\u0442\u0438.","robots":{"index":"index","follow":"follow","max-snippet":"max-snippet:-1","max-image-preview":"max-image-preview:large","max-video-preview":"max-video-preview:-1"},"canonical":"https:\/\/www.maripak.com\/ru\/","og_locale":"ru_RU","og_type":"article","og_title":"Maripak - \u0422\u0435\u0440\u043c\u043e\u0443\u0441\u0430\u0434\u043e\u0447\u043d\u043e\u0435 \u043e\u0431\u043e\u0440\u0443\u0434\u043e\u0432\u0430\u043d\u0438\u0435","og_description":"Maripak \u043f\u0440\u0435\u0434\u043b\u0430\u0433\u0430\u0435\u0442 \u0448\u0438\u0440\u043e\u043a\u0438\u0439 \u0430\u0441\u0441\u043e\u0440\u0442\u0438\u043c\u0435\u043d\u0442 \u043f\u0440\u043e\u0434\u0443\u043a\u0446\u0438\u0438, \u0441\u043f\u0435\u0446\u0438\u0430\u043b\u044c\u043d\u0443\u044e \u0443\u043f\u0430\u043a\u043e\u0432\u043a\u0443 \u0432 \u0442\u0435\u0440\u043c\u043e\u0443\u0441\u0430\u0434\u043e\u0447\u043d\u0443\u044e \u043f\u043b\u0435\u043d\u043a\u0443 \u0438 \u0443\u043f\u0430\u043a\u043e\u0432\u043e\u0447\u043d\u044b\u0435 \u043c\u0430\u0448\u0438\u043d\u044b \u0434\u043b\u044f \u044d\u043b\u0435\u043a\u0442\u0440\u043e\u043d\u043d\u043e\u0439 \u0442\u043e\u0440\u0433\u043e\u0432\u043b\u0438 \u043b\u044e\u0431\u043e\u0439 \u043f\u0440\u043e\u0438\u0437\u0432\u043e\u0434\u0441\u0442\u0432\u0435\u043d\u043d\u043e\u0439 \u043c\u043e\u0449\u043d\u043e\u0441\u0442\u0438.","og_url":"https:\/\/www.maripak.com\/ru\/","og_site_name":"Maripak","article_publisher":"https:\/\/www.facebook.com\/maripakambalaj\/","article_modified_time":"2025-04-08T09:52:46+00:00","og_image":[{"width":1141,"height":623,"url":"https:\/\/www.maripak.com\/wp-content\/uploads\/2020\/04\/maripak-sirket-tanitim-filmi-1.jpg","type":"image\/jpeg"}],"twitter_card":"summary_large_image","twitter_site":"@maripak_","schema":{"@context":"https:\/\/schema.org","@graph":[{"@type":"WebPage","@id":"https:\/\/www.maripak.com\/ru\/","url":"https:\/\/www.maripak.com\/ru\/","name":"Maripak - \u0422\u0435\u0440\u043c\u043e\u0443\u0441\u0430\u0434\u043e\u0447\u043d\u043e\u0435 \u043e\u0431\u043e\u0440\u0443\u0434\u043e\u0432\u0430\u043d\u0438\u0435","isPartOf":{"@id":"https:\/\/www.maripak.com\/ru\/#website"},"datePublished":"2019-03-07T21:33:49+00:00","dateModified":"2025-04-08T09:52:46+00:00","description":"Maripak \u043f\u0440\u0435\u0434\u043b\u0430\u0433\u0430\u0435\u0442 \u0448\u0438\u0440\u043e\u043a\u0438\u0439 \u0430\u0441\u0441\u043e\u0440\u0442\u0438\u043c\u0435\u043d\u0442 \u043f\u0440\u043e\u0434\u0443\u043a\u0446\u0438\u0438, \u0441\u043f\u0435\u0446\u0438\u0430\u043b\u044c\u043d\u0443\u044e \u0443\u043f\u0430\u043a\u043e\u0432\u043a\u0443 \u0432 \u0442\u0435\u0440\u043c\u043e\u0443\u0441\u0430\u0434\u043e\u0447\u043d\u0443\u044e \u043f\u043b\u0435\u043d\u043a\u0443 \u0438 \u0443\u043f\u0430\u043a\u043e\u0432\u043e\u0447\u043d\u044b\u0435 \u043c\u0430\u0448\u0438\u043d\u044b \u0434\u043b\u044f \u044d\u043b\u0435\u043a\u0442\u0440\u043e\u043d\u043d\u043e\u0439 \u0442\u043e\u0440\u0433\u043e\u0432\u043b\u0438 \u043b\u044e\u0431\u043e\u0439 \u043f\u0440\u043e\u0438\u0437\u0432\u043e\u0434\u0441\u0442\u0432\u0435\u043d\u043d\u043e\u0439 \u043c\u043e\u0449\u043d\u043e\u0441\u0442\u0438.","breadcrumb":{"@id":"https:\/\/www.maripak.com\/ru\/#breadcrumb"},"inLanguage":"ru-RU","potentialAction":[{"@type":"ReadAction","target":["https:\/\/www.maripak.com\/ru\/"]}]},{"@type":"BreadcrumbList","@id":"https:\/\/www.maripak.com\/ru\/#breadcrumb","itemListElement":[{"@type":"ListItem","position":1,"name":"Ana sayfa","item":"https:\/\/www.maripak.com\/ru\/"},{"@type":"ListItem","position":2,"name":"Ana Sayfa"}]},{"@type":"WebSite","@id":"https:\/\/www.maripak.com\/ru\/#website","url":"https:\/\/www.maripak.com\/ru\/","name":"Maripak","description":"Shrink Ambalaj Makinas\u0131 | Ambalaj Paketleme Makinalar\u0131","publisher":{"@id":"https:\/\/www.maripak.com\/ru\/#organization"},"potentialAction":[{"@type":"SearchAction","target":{"@type":"EntryPoint","urlTemplate":"https:\/\/www.maripak.com\/ru\/?s={search_term_string}"},"query-input":{"@type":"PropertyValueSpecification","valueRequired":true,"valueName":"search_term_string"}}],"inLanguage":"ru-RU"},{"@type":"Organization","@id":"https:\/\/www.maripak.com\/ru\/#organization","name":"Maripak","url":"https:\/\/www.maripak.com\/ru\/","logo":{"@type":"ImageObject","inLanguage":"ru-RU","@id":"https:\/\/www.maripak.com\/ru\/#\/schema\/logo\/image\/","url":"https:\/\/www.maripak.com\/wp-content\/uploads\/2019\/06\/maripak-shrink-ambalaj-paketleme-makinalari-1.png","contentUrl":"https:\/\/www.maripak.com\/wp-content\/uploads\/2019\/06\/maripak-shrink-ambalaj-paketleme-makinalari-1.png","width":413,"height":146,"caption":"Maripak"},"image":{"@id":"https:\/\/www.maripak.com\/ru\/#\/schema\/logo\/image\/"},"sameAs":["https:\/\/www.facebook.com\/maripakambalaj\/","https:\/\/x.com\/maripak_","https:\/\/www.linkedin.com\/company\/maripakpackaging\/","https:\/\/www.youtube.com\/channel\/UCo_HkKsfEa9HAfx4MWbsgPg","https:\/\/www.instagram.com\/maripakpackaging\/"]}]}},"_links":{"self":[{"href":"https:\/\/www.maripak.com\/ru\/wp-json\/wp\/v2\/pages\/21362","targetHints":{"allow":["GET"]}}],"collection":[{"href":"https:\/\/www.maripak.com\/ru\/wp-json\/wp\/v2\/pages"}],"about":[{"href":"https:\/\/www.maripak.com\/ru\/wp-json\/wp\/v2\/types\/page"}],"author":[{"embeddable":true,"href":"https:\/\/www.maripak.com\/ru\/wp-json\/wp\/v2\/users\/14"}],"replies":[{"embeddable":true,"href":"https:\/\/www.maripak.com\/ru\/wp-json\/wp\/v2\/comments?post=21362"}],"version-history":[{"count":4,"href":"https:\/\/www.maripak.com\/ru\/wp-json\/wp\/v2\/pages\/21362\/revisions"}],"predecessor-version":[{"id":24508,"href":"https:\/\/www.maripak.com\/ru\/wp-json\/wp\/v2\/pages\/21362\/revisions\/24508"}],"wp:attachment":[{"href":"https:\/\/www.maripak.com\/ru\/wp-json\/wp\/v2\/media?parent=21362"}],"curies":[{"name":"wp","href":"https:\/\/api.w.org\/{rel}","templated":true}]}}