{"id":667,"date":"2019-03-08T00:33:49","date_gmt":"2019-03-07T21:33:49","guid":{"rendered":"https:\/\/www.maripak.com\/ana-sayfa\/"},"modified":"2025-04-08T12:52:33","modified_gmt":"2025-04-08T09:52:33","slug":"maquinas-de-embalagem","status":"publish","type":"page","link":"https:\/\/www.maripak.com\/pt-pt\/","title":{"rendered":"Inicial"},"content":{"rendered":"<p>BU ALAN \u0130\u015eLEVS\u0130Z. BO\u015e BIRAKINIZ!<\/p>\n","protected":false},"excerpt":{"rendered":"<p>BU ALAN \u0130\u015eLEVS\u0130Z. BO\u015e BIRAKINIZ!<\/p>\n","protected":false},"author":4,"featured_media":0,"parent":0,"menu_order":0,"comment_status":"closed","ping_status":"closed","template":"page-home.php","meta":{"footnotes":""},"class_list":["post-667","page","type-page","status-publish","hentry"],"acf":[],"yoast_head":"<!-- This site is optimized with the Yoast SEO plugin v24.8.1 - https:\/\/yoast.com\/wordpress\/plugins\/seo\/ -->\n<title>M\u00e1quinas de Embalagem - Maripak<\/title>\n<meta name=\"description\" content=\"Na ind\u00fastria de embalagens retr\u00e1teis, sempre fomos os pioneiros na produ\u00e7\u00e3o de embalagens termorretr\u00e1teis.\" \/>\n<meta name=\"robots\" content=\"index, follow, max-snippet:-1, max-image-preview:large, max-video-preview:-1\" \/>\n<link rel=\"canonical\" href=\"https:\/\/www.maripak.com\/pt-pt\/\" \/>\n<meta property=\"og:locale\" content=\"pt_PT\" \/>\n<meta property=\"og:type\" content=\"article\" \/>\n<meta property=\"og:title\" content=\"M\u00e1quinas de Embalagem - Maripak\" \/>\n<meta property=\"og:description\" content=\"Na ind\u00fastria de embalagens retr\u00e1teis, sempre fomos os pioneiros na produ\u00e7\u00e3o de embalagens termorretr\u00e1teis.\" \/>\n<meta property=\"og:url\" content=\"https:\/\/www.maripak.com\/pt-pt\/\" \/>\n<meta property=\"og:site_name\" content=\"Maripak\" \/>\n<meta property=\"article:publisher\" content=\"https:\/\/www.facebook.com\/maripakambalaj\/\" \/>\n<meta property=\"article:modified_time\" content=\"2025-04-08T09:52:33+00:00\" \/>\n<meta property=\"og:image\" content=\"https:\/\/www.maripak.com\/wp-content\/uploads\/2020\/04\/maripak-sirket-tanitim-filmi-1.jpg\" \/>\n\t<meta property=\"og:image:width\" content=\"1141\" \/>\n\t<meta property=\"og:image:height\" content=\"623\" \/>\n\t<meta property=\"og:image:type\" content=\"image\/jpeg\" \/>\n<meta name=\"twitter:card\" content=\"summary_large_image\" \/>\n<meta name=\"twitter:site\" content=\"@maripak_\" \/>\n<!-- \/ Yoast SEO plugin. -->","yoast_head_json":{"title":"M\u00e1quinas de Embalagem - Maripak","description":"Na ind\u00fastria de embalagens retr\u00e1teis, sempre fomos os pioneiros na produ\u00e7\u00e3o de embalagens termorretr\u00e1teis.","robots":{"index":"index","follow":"follow","max-snippet":"max-snippet:-1","max-image-preview":"max-image-preview:large","max-video-preview":"max-video-preview:-1"},"canonical":"https:\/\/www.maripak.com\/pt-pt\/","og_locale":"pt_PT","og_type":"article","og_title":"M\u00e1quinas de Embalagem - Maripak","og_description":"Na ind\u00fastria de embalagens retr\u00e1teis, sempre fomos os pioneiros na produ\u00e7\u00e3o de embalagens termorretr\u00e1teis.","og_url":"https:\/\/www.maripak.com\/pt-pt\/","og_site_name":"Maripak","article_publisher":"https:\/\/www.facebook.com\/maripakambalaj\/","article_modified_time":"2025-04-08T09:52:33+00:00","og_image":[{"width":1141,"height":623,"url":"https:\/\/www.maripak.com\/wp-content\/uploads\/2020\/04\/maripak-sirket-tanitim-filmi-1.jpg","type":"image\/jpeg"}],"twitter_card":"summary_large_image","twitter_site":"@maripak_","schema":{"@context":"https:\/\/schema.org","@graph":[{"@type":"WebPage","@id":"https:\/\/www.maripak.com\/pt-pt\/","url":"https:\/\/www.maripak.com\/pt-pt\/","name":"M\u00e1quinas de Embalagem - Maripak","isPartOf":{"@id":"https:\/\/www.maripak.com\/pt-pt\/#website"},"datePublished":"2019-03-07T21:33:49+00:00","dateModified":"2025-04-08T09:52:33+00:00","description":"Na ind\u00fastria de embalagens retr\u00e1teis, sempre fomos os pioneiros na produ\u00e7\u00e3o de embalagens termorretr\u00e1teis.","breadcrumb":{"@id":"https:\/\/www.maripak.com\/pt-pt\/#breadcrumb"},"inLanguage":"pt-PT","potentialAction":[{"@type":"ReadAction","target":["https:\/\/www.maripak.com\/pt-pt\/"]}]},{"@type":"BreadcrumbList","@id":"https:\/\/www.maripak.com\/pt-pt\/#breadcrumb","itemListElement":[{"@type":"ListItem","position":1,"name":"Ana sayfa","item":"https:\/\/www.maripak.com\/pt-pt\/"},{"@type":"ListItem","position":2,"name":"Inicial"}]},{"@type":"WebSite","@id":"https:\/\/www.maripak.com\/pt-pt\/#website","url":"https:\/\/www.maripak.com\/pt-pt\/","name":"Maripak","description":"Shrink Ambalaj Makinas\u0131 | Ambalaj Paketleme Makinalar\u0131","publisher":{"@id":"https:\/\/www.maripak.com\/pt-pt\/#organization"},"potentialAction":[{"@type":"SearchAction","target":{"@type":"EntryPoint","urlTemplate":"https:\/\/www.maripak.com\/pt-pt\/?s={search_term_string}"},"query-input":{"@type":"PropertyValueSpecification","valueRequired":true,"valueName":"search_term_string"}}],"inLanguage":"pt-PT"},{"@type":"Organization","@id":"https:\/\/www.maripak.com\/pt-pt\/#organization","name":"Maripak","url":"https:\/\/www.maripak.com\/pt-pt\/","logo":{"@type":"ImageObject","inLanguage":"pt-PT","@id":"https:\/\/www.maripak.com\/pt-pt\/#\/schema\/logo\/image\/","url":"https:\/\/www.maripak.com\/wp-content\/uploads\/2019\/06\/maripak-shrink-ambalaj-paketleme-makinalari-1.png","contentUrl":"https:\/\/www.maripak.com\/wp-content\/uploads\/2019\/06\/maripak-shrink-ambalaj-paketleme-makinalari-1.png","width":413,"height":146,"caption":"Maripak"},"image":{"@id":"https:\/\/www.maripak.com\/pt-pt\/#\/schema\/logo\/image\/"},"sameAs":["https:\/\/www.facebook.com\/maripakambalaj\/","https:\/\/x.com\/maripak_","https:\/\/www.linkedin.com\/company\/maripakpackaging\/","https:\/\/www.youtube.com\/channel\/UCo_HkKsfEa9HAfx4MWbsgPg","https:\/\/www.instagram.com\/maripakpackaging\/"]}]}},"_links":{"self":[{"href":"https:\/\/www.maripak.com\/pt-pt\/wp-json\/wp\/v2\/pages\/667","targetHints":{"allow":["GET"]}}],"collection":[{"href":"https:\/\/www.maripak.com\/pt-pt\/wp-json\/wp\/v2\/pages"}],"about":[{"href":"https:\/\/www.maripak.com\/pt-pt\/wp-json\/wp\/v2\/types\/page"}],"author":[{"embeddable":true,"href":"https:\/\/www.maripak.com\/pt-pt\/wp-json\/wp\/v2\/users\/4"}],"replies":[{"embeddable":true,"href":"https:\/\/www.maripak.com\/pt-pt\/wp-json\/wp\/v2\/comments?post=667"}],"version-history":[{"count":5,"href":"https:\/\/www.maripak.com\/pt-pt\/wp-json\/wp\/v2\/pages\/667\/revisions"}],"predecessor-version":[{"id":24507,"href":"https:\/\/www.maripak.com\/pt-pt\/wp-json\/wp\/v2\/pages\/667\/revisions\/24507"}],"wp:attachment":[{"href":"https:\/\/www.maripak.com\/pt-pt\/wp-json\/wp\/v2\/media?parent=667"}],"curies":[{"name":"wp","href":"https:\/\/api.w.org\/{rel}","templated":true}]}}